{"id":328,"date":"2018-12-10T21:19:26","date_gmt":"2018-12-10T20:19:26","guid":{"rendered":"http:\/\/kineprefecture.fr\/?page_id=328"},"modified":"2025-10-08T16:22:45","modified_gmt":"2025-10-08T14:22:45","slug":"kinecoursju","status":"publish","type":"page","link":"https:\/\/kinecoursju.fr\/","title":{"rendered":"Kin\u00e9CoursJu"},"content":{"rendered":"<p><a href=\"https:\/\/www.doctolib.fr\/cabinet-de-kinesitherapie\/marseille\/cabinet-de-kinesitherapie-du-cours-julien\" target=\"_blank\" rel=\"nofollow\"><br \/>\n\t\t\t\t\t\t\t\t\tPRENDRE RDV<br \/>\n\t\t\t\t\t<\/a><br \/>\n\t\t\t\t\t\t\t\t\t\t\t\t\t\t\t<img fetchpriority=\"high\" decoding=\"async\" width=\"300\" height=\"182\" src=\"https:\/\/aliceblue-parrot-704633.hostingersite.com\/wp-content\/uploads\/2021\/10\/COURSE-3-768x465-1-300x182.jpg\" alt=\"\" srcset=\"https:\/\/aliceblue-parrot-704633.hostingersite.com\/wp-content\/uploads\/2021\/10\/COURSE-3-768x465-1-300x182.jpg 300w, https:\/\/aliceblue-parrot-704633.hostingersite.com\/wp-content\/uploads\/2021\/10\/COURSE-3-768x465-1-496x300.jpg 496w, https:\/\/aliceblue-parrot-704633.hostingersite.com\/wp-content\/uploads\/2021\/10\/COURSE-3-768x465-1.jpg 768w\" sizes=\"(max-width: 300px) 100vw, 300px\" \/>\t\t\t\t\t\t\t\t\t\t\t\t\t\t\t<\/p>\n<h4 style=\"text-align: center;\">Kin\u00e9sith\u00e9rapie du sport<\/h4>\n<p style=\"text-align: center;\">La kin\u00e9sith\u00e9rapie du sport fait r\u00e9f\u00e9rence aux concepts de diagnostic kin\u00e9sith\u00e9rapique, de traitement et de pr\u00e9vention. Nos mains sont les outils fondamentaux de nos traitements. De la contention souple \u00e0 la r\u00e9athl\u00e9tisation, notre \u00e9quipe marseillaise pourra vous accompagner dans la reprise de vos activit\u00e9s favorites \u00e0 Marseille.<\/p>\n<p>\t\t\t\t\t\t\t\t\t\t\t\t\t\t\t<img decoding=\"async\" width=\"228\" height=\"221\" src=\"https:\/\/aliceblue-parrot-704633.hostingersite.com\/wp-content\/uploads\/2021\/10\/FRACTURE-2.jpg\" alt=\"\" \/>\t\t\t\t\t\t\t\t\t\t\t\t\t\t\t<\/p>\n<h3 style=\"text-align: center;\">Traumatologie<\/h3>\n<p style=\"text-align: center;\">Notre expertise dans les suites de choc direct ou indirect ; fracture ou autre blessures vous permettra une r\u00e9\u00e9ducation optimis\u00e9.<\/p>\n<p style=\"text-align: center;\">Bien que protocolaire, la prise en charge est\u00a0individuelle et adapt\u00e9\u00a0\u00e0 chaque patient en tenant compte des possibilit\u00e9s de chacun, dans le respect du seuil douloureux.<\/p>\n<p>\t\t\t\t\t\t\t\t\t\t\t\t\t\t\t<img decoding=\"async\" src=\"https:\/\/aliceblue-parrot-704633.hostingersite.com\/wp-content\/uploads\/2021\/10\/images.jpg\" title=\"\" alt=\"\" loading=\"lazy\" \/>\t\t\t\t\t\t\t\t\t\t\t\t\t\t\t<\/p>\n<h3 style=\"text-align: center;\"><strong>Dry-Needling<\/strong><\/h3>\n<p style=\"text-align: center;\">Cette technique utilise une aiguille d\u2019acupuncture st\u00e9rile (donc, sans aucun produit), pour aller directement dans le \u00ab Trigger point actif\u00bb d\u2019un muscle.<br \/>Un point trigger actif, ou \u00ab\u00a0point g\u00e2chette\u00a0\u00bb est une\u00a0tension musculaire qui engendre des douleurs irradiantes, ou \u00ab\u00a0douleurs projet\u00e9es \u00bb, une douleur qui est ressentie \u00e0 distance de la cause.<br \/>Les douleurs projet\u00e9es des Trigger point peuvent aussi \u00eatre responsables de\u00a0migraines,\u00a0lorsque ce sont les muscles de la r\u00e9gion cervicale qui sont incrimin\u00e9s.<\/p>\n<p>\t\t\t\t\t\t\t\t\t\t\t\t\t\t\t<img decoding=\"async\" width=\"300\" height=\"186\" src=\"https:\/\/aliceblue-parrot-704633.hostingersite.com\/wp-content\/uploads\/2021\/10\/Plateau-technique-3-1000x620-1-300x186.jpg\" alt=\"\" srcset=\"https:\/\/aliceblue-parrot-704633.hostingersite.com\/wp-content\/uploads\/2021\/10\/Plateau-technique-3-1000x620-1-300x186.jpg 300w, https:\/\/aliceblue-parrot-704633.hostingersite.com\/wp-content\/uploads\/2021\/10\/Plateau-technique-3-1000x620-1-768x476.jpg 768w, https:\/\/aliceblue-parrot-704633.hostingersite.com\/wp-content\/uploads\/2021\/10\/Plateau-technique-3-1000x620-1-484x300.jpg 484w, https:\/\/aliceblue-parrot-704633.hostingersite.com\/wp-content\/uploads\/2021\/10\/Plateau-technique-3-1000x620-1.jpg 1000w\" sizes=\"(max-width: 300px) 100vw, 300px\" \/>\t\t\t\t\t\t\t\t\t\t\t\t\t\t\t<\/p>\n<h3 style=\"text-align: center;\"><strong>R\u00e9adaptation a l&rsquo;effort<\/strong><\/h3>\n<p style=\"text-align: center;\">La r\u00e9habilitation permet aux malades essouffl\u00e9s d\u2019am\u00e9liorer leurs performances physiques, en s\u2019entra\u00eenant (sous surveillance adapt\u00e9e), progressivement, jour apr\u00e8s jour. Ce n\u2019est pas un traitement des poumons, mais des muscles, mis au repos de fa\u00e7on progressive (due \u00e0 l&rsquo;essoufflement) ou brutale (suite \u00e0 une hospitalisation).\u00a0\u00a0La reprise de l\u2019activit\u00e9 physique progressive permet \u00e0 des malades s\u00e9dentaires d\u2019envisager une meilleure autonomie, donc une ind\u00e9pendance retrouv\u00e9e et une am\u00e9lioration de leur confiance en eux-m\u00eame.<\/p>\n<p>\t\t\t\t\t\t\t\t\t\t\t\t\t\t\t<img loading=\"lazy\" decoding=\"async\" width=\"150\" height=\"150\" src=\"https:\/\/aliceblue-parrot-704633.hostingersite.com\/wp-content\/uploads\/2021\/10\/ANALYSE-COURSE2-150x150-1.jpg\" alt=\"\" \/>\t\t\t\t\t\t\t\t\t\t\t\t\t\t\t<\/p>\n<h3 style=\"text-align: center;\"><strong>Clinique du Coureur<\/strong><\/h3>\n<p style=\"text-align: center;\">Que vous souhaitiez prendre du plaisir sans vous bless\u00e9 ou am\u00e9liorer vos performances,\u00a0 nous pouvons a la suite d\u2019un bilan complet , vous prodiguer les conseils simple pour adapter votre foul\u00e9e , vous chausser et courir plus efficacement.\u00a0 Notre \u00e9quipe s\u2019est donn\u00e9e comme mission d\u2019encourager l\u2019activit\u00e9 physique en partageant ses bienfaits.<\/p>\n<p>\t\t\t\t\t\t\t\t\t\t\t\t\t\t\t<img loading=\"lazy\" decoding=\"async\" width=\"300\" height=\"164\" src=\"https:\/\/aliceblue-parrot-704633.hostingersite.com\/wp-content\/uploads\/2021\/10\/KENZI2-300x164.jpg\" alt=\"\" srcset=\"https:\/\/aliceblue-parrot-704633.hostingersite.com\/wp-content\/uploads\/2021\/10\/KENZI2-300x164.jpg 300w, https:\/\/aliceblue-parrot-704633.hostingersite.com\/wp-content\/uploads\/2021\/10\/KENZI2.jpg 304w\" sizes=\"(max-width: 300px) 100vw, 300px\" \/>\t\t\t\t\t\t\t\t\t\t\t\t\t\t\t<\/p>\n<h3 style=\"text-align: center;\"><strong>M\u00e9thode Mc Kenzie MDT<\/strong><\/h3>\n<p style=\"text-align: center;\">Un traitement McKenzie, c\u2019est un bilan complet, un diagnostic clinique, bas\u00e9 sur la fa\u00e7on dont votre corps r\u00e9agit au mouvement, et dont d\u00e9coule un traitement sp\u00e9cifique.<\/p>\n<p style=\"text-align: center;\">La m\u00e9thode Mckenzie, c&rsquo;est en effet un bilan centr\u00e9 sur l&rsquo;\u00e9volution de vos sympt\u00f4mes, de vos capacit\u00e9s fonctionnelles, et de vos attentes. Tous les troubles musculo-squelettiques sont \u00e9valuables par un th\u00e9rapeute McKenzie. Qu&rsquo;il s&rsquo;agisse de probl\u00e8mes de dos pour lesquels aucune imagerie n&rsquo;a \u00e9t\u00e9 r\u00e9alis\u00e9e, ou de douleurs au niveau d&rsquo;un bras ou d&rsquo;une jambe, l&rsquo;approche McKenzie sera tout aussi pertinente.<\/p>\n<h3 style=\"text-align: center;\">Les Kin\u00e9sith\u00e9rapeutes\u00a0<\/h3>\n<p>\t\t\t\t\t\t\t\t\t\t\t\t\t\t\t<img loading=\"lazy\" decoding=\"async\" width=\"191\" height=\"300\" src=\"https:\/\/aliceblue-parrot-704633.hostingersite.com\/wp-content\/uploads\/2021\/10\/jb-191x300.jpg\" alt=\"\" srcset=\"https:\/\/aliceblue-parrot-704633.hostingersite.com\/wp-content\/uploads\/2021\/10\/jb-191x300.jpg 191w, https:\/\/aliceblue-parrot-704633.hostingersite.com\/wp-content\/uploads\/2021\/10\/jb-652x1024.jpg 652w, https:\/\/aliceblue-parrot-704633.hostingersite.com\/wp-content\/uploads\/2021\/10\/jb-768x1205.jpg 768w, https:\/\/aliceblue-parrot-704633.hostingersite.com\/wp-content\/uploads\/2021\/10\/jb-979x1536.jpg 979w, https:\/\/aliceblue-parrot-704633.hostingersite.com\/wp-content\/uploads\/2021\/10\/jb-1305x2048.jpg 1305w, https:\/\/aliceblue-parrot-704633.hostingersite.com\/wp-content\/uploads\/2021\/10\/jb.jpg 1631w\" sizes=\"(max-width: 191px) 100vw, 191px\" \/><br \/>\n\t\t\t\t\t<a href=\"https:\/\/www.doctolib.fr\/masseur-kinesitherapeute\/marseille\/jean-baptiste-serres\" target=\"_blank\"><br \/>\n\t\t\t\t\t\t\t\t\tPrendre RDV<br \/>\n\t\t\t\t\t<\/a><\/p>\n<h3>Jean-Baptiste Serres<\/h3>\n<h5>Dipl\u00f4me d\u2019\u00e9tat de Masseur Kin\u00e9sith\u00e9rapeute, \u00e9cole de l\u2019ENKRE<\/h5>\n<p>Sp\u00e9cialis\u00e9 en traumatologie du sport et r\u00e9habilitation respiratoire sur Marseille<br \/>En travail \u00e9troit avec le paris FC lors de la saison 2012-13<br \/>Travail \u00e0 la clinique du sport Paris V en 2014<br \/>Sp\u00e9cialis\u00e9 dans les atteintes du genou et de la cheville<br \/>Formation en Th\u00e9rapie manuelle<br \/>Charg\u00e9 d&rsquo;enseignement UE recherche IFMK marseille.\u00a0<br \/>M\u00e9thode Mc Kenzie<\/p>\n<h3>Arthur Malaman<\/h3>\n<h5>Dipl\u00f4me d\u2019\u00e9tat de Masseur Kin\u00e9sith\u00e9rapeute,\u00a0<\/h5>\n<p>Sp\u00e9cialis\u00e9 dans la prise en charge du sportif de tout \u00e2ge, Titulaire d\u2019un diplome de th\u00e9rapie manuel, dry-needling .<\/p>\n<p>Charg\u00e9 d&rsquo;enseignement UE recherche IFMK marseille.\u00a0<\/p>\n<p>Une prise en charge personnalis\u00e9 et toujours a la pointe .<\/p>\n<p>Master a l\u2019universit\u00e9 de Brighton en angleterre.<\/p>\n<p>\t\t\t\t\t<a href=\"https:\/\/www.doctolib.fr\/masseur-kinesitherapeute\/marseille\/arthur-malaman\" target=\"_blank\"><br \/>\n\t\t\t\t\t\t\t\t\tPrendre RDV<br \/>\n\t\t\t\t\t<\/a><br \/>\n\t\t\t\t\t\t\t\t\t\t\t\t\t\t\t<img loading=\"lazy\" decoding=\"async\" width=\"500\" height=\"500\" src=\"https:\/\/aliceblue-parrot-704633.hostingersite.com\/wp-content\/uploads\/2021\/10\/Arthur-500x500-1.jpeg\" alt=\"\" srcset=\"https:\/\/aliceblue-parrot-704633.hostingersite.com\/wp-content\/uploads\/2021\/10\/Arthur-500x500-1.jpeg 500w, https:\/\/aliceblue-parrot-704633.hostingersite.com\/wp-content\/uploads\/2021\/10\/Arthur-500x500-1-300x300.jpeg 300w, https:\/\/aliceblue-parrot-704633.hostingersite.com\/wp-content\/uploads\/2021\/10\/Arthur-500x500-1-150x150.jpeg 150w\" sizes=\"(max-width: 500px) 100vw, 500px\" \/><br \/>\n\t\t\t\t\t\t\t\t\t\t\t\t\t\t\t<img loading=\"lazy\" decoding=\"async\" width=\"150\" height=\"150\" src=\"https:\/\/aliceblue-parrot-704633.hostingersite.com\/wp-content\/uploads\/2021\/10\/simon-e1567888884123-150x150-1.jpg\" alt=\"\" \/><br \/>\n\t\t\t\t\t<a href=\"https:\/\/www.doctolib.fr\/masseur-kinesitherapeute\/marseille\/simon-francoz\" target=\"_blank\"><br \/>\n\t\t\t\t\t\t\t\t\tPrendre RDV<br \/>\n\t\t\t\t\t<\/a><\/p>\n<h3>Simon Francoz<\/h3>\n<h5>Dipl\u00f4me d\u2019\u00e9tat de Masseur Kin\u00e9sith\u00e9rapeute, \u00e9cole de Marseille<\/h5>\n<p>Sp\u00e9cialis\u00e9 dans la prise en charge du sportif de tout \u00e2ge, je ferai au mieux pour vous permettre de retrouver le maximum de vos capacit\u00e9s. La premi\u00e8re s\u00e9ance consistera en un bilan pour cibler vos besoins et fixer les contours de votre prise en charge.<\/p>\n<h3>Guglielmo Savergnini<\/h3>\n<h5>Dipl\u00f4me d\u2019\u00e9tat de Masseur Kin\u00e9sith\u00e9rapeute<\/h5>\n<h5>Diplom\u00e9 d&rsquo;ost\u00e9opathie\u00a0<\/h5>\n<p>\u00a0<\/p>\n<p>\t\t\t\t\t<a href=\"https:\/\/www.doctolib.fr\/masseur-kinesitherapeute\/marseille\/arthur-malaman\" target=\"_blank\"><br \/>\n\t\t\t\t\t\t\t\t\tPrendre RDV<br \/>\n\t\t\t\t\t<\/a><br \/>\n\t\t\t\t\t\t\t\t\t\t\t\t\t\t\t<img loading=\"lazy\" decoding=\"async\" width=\"500\" height=\"500\" src=\"https:\/\/aliceblue-parrot-704633.hostingersite.com\/wp-content\/uploads\/2021\/10\/Arthur-500x500-1.jpeg\" alt=\"\" srcset=\"https:\/\/aliceblue-parrot-704633.hostingersite.com\/wp-content\/uploads\/2021\/10\/Arthur-500x500-1.jpeg 500w, https:\/\/aliceblue-parrot-704633.hostingersite.com\/wp-content\/uploads\/2021\/10\/Arthur-500x500-1-300x300.jpeg 300w, https:\/\/aliceblue-parrot-704633.hostingersite.com\/wp-content\/uploads\/2021\/10\/Arthur-500x500-1-150x150.jpeg 150w\" sizes=\"(max-width: 500px) 100vw, 500px\" \/><br \/>\n\t\t\t\t\t\t\t\t\t\t\t\t\t\t\t<img loading=\"lazy\" decoding=\"async\" width=\"150\" height=\"150\" src=\"https:\/\/aliceblue-parrot-704633.hostingersite.com\/wp-content\/uploads\/2021\/10\/simon-e1567888884123-150x150-1.jpg\" alt=\"\" \/><br \/>\n\t\t\t\t\t<a href=\"https:\/\/www.doctolib.fr\/masseur-kinesitherapeute\/marseille\/simon-francoz\" target=\"_blank\"><br \/>\n\t\t\t\t\t\t\t\t\tPrendre RDV<br \/>\n\t\t\t\t\t<\/a><\/p>\n<h3>Paul Gabriel Bedel<\/h3>\n<h5>Dipl\u00f4me d\u2019\u00e9tat de Masseur Kin\u00e9sith\u00e9rapeute, \u00e9cole de Marseille.<\/h5>\n<p>\u00a0<\/p>\n<p>Sp\u00e9cialis\u00e9 dans la prise en charge du sportif de tout \u00e2ge,<\/p>\n<p>La premi\u00e8re s\u00e9ance consistera en un bilan pour cibler vos besoins et fixer les contours de votre prise en charge.<\/p>\n<h1 style=\"text-align: center;\">Tarif des s\u00e9ances<\/h1>\n<h3><strong>Soins prise en charges par la securit\u00e9 sociale <\/strong><\/h3>\n<p>Conventionn\u00e9 selon la NGAP : sc\u00e9ance de 16 \u00e0 25\u20ac<\/p>\n<p>1ere sc\u00e9ances : 38 \u00e0 50 \u20ac<\/p>\n<p>D\u00e9passement d&rsquo;honoraire \u00e0 la premiere sc\u00e9ance : 10\u20ac<\/p>\n<h3 style=\"text-align: center;\"><strong>Soins hors convention\u00a0<\/strong><\/h3>\n<p>Analyse de course : 1h \/ 70\u20ac<\/p>\n<p>Dry needling :\u00a0 \u00a0 30min\/50\u20ac<\/p>\n<p>Th\u00e9rapie manuelle:\u00a0 \u00a0 \u00a0 \u00a0 30min\/50\u20ac<\/p>\n<p>Pr\u00e9paration Physique : Nous consulter\u00a0<\/p>\n<h3>Cabinet de Kin\u00e9sith\u00e9rapie du Sport du Cours Julien<\/h3>\n<p>\u00a0<\/p>\n<p>Rez-de-chauss\u00e9e\u00a0 \u00a0 \u00a08 Rue Bussy l&rsquo;Indien, 13006 Marseille<\/p>\n<h4>Moyens de transport<\/h4>\n<p>M\u00e9tro &#8211; Notre Dame Du Mont (ligne M2)<br \/>Tramway &#8211; Place De Rome (ligne T3)<br \/>Bus &#8211; 3 Fr\u00e8res Barthelemy (ligne 74)<\/p>\n<h4>Parking public<\/h4>\n<p>80 Cours Julien, Marseille<\/p>\n<p>\u00a0<\/p>\n<p>CONTACT<\/p>\n<p><strong>Email:\u00a0<\/strong>kinebussy@outlook.fr<br \/><strong>Phone:<\/strong>\u00a004 88 44 60 79<\/p>\n<p>8, Rue Bussy l&rsquo;Indien<br \/>13006 Marseille<\/p>\n<p>\t\t\t<iframe loading=\"lazy\"\n\t\t\t\t\tsrc=\"https:\/\/www.google.com\/maps\/embed\/v1\/place?key=AIzaSyAJ8g7Edqyca0CzSWyrscYIOxpcXkBz5ig&#038;q=8%20Rue%20Bussy%20l%27Indien%2C%2013006%20Marseille&#038;zoom=16\"\n\t\t\t\t\ttitle=\"8 Rue Bussy l&#039;Indien, 13006 Marseille\"\n\t\t\t\t\taria-label=\"8 Rue Bussy l&#039;Indien, 13006 Marseille\"\n\t\t\t><\/iframe><\/p>\n","protected":false},"excerpt":{"rendered":"<p>PRENDRE RDV Kin\u00e9sith\u00e9rapie du sport La kin\u00e9sith\u00e9rapie du sport fait r\u00e9f\u00e9rence aux concepts de diagnostic kin\u00e9sith\u00e9rapique, de traitement et de pr\u00e9vention. Nos mains sont les &hellip;<\/p>\n","protected":false},"author":1,"featured_media":0,"parent":0,"menu_order":0,"comment_status":"closed","ping_status":"closed","template":"","meta":{"footnotes":""},"class_list":["post-328","page","type-page","status-publish","hentry"],"_links":{"self":[{"href":"https:\/\/kinecoursju.fr\/index.php\/wp-json\/wp\/v2\/pages\/328","targetHints":{"allow":["GET"]}}],"collection":[{"href":"https:\/\/kinecoursju.fr\/index.php\/wp-json\/wp\/v2\/pages"}],"about":[{"href":"https:\/\/kinecoursju.fr\/index.php\/wp-json\/wp\/v2\/types\/page"}],"author":[{"embeddable":true,"href":"https:\/\/kinecoursju.fr\/index.php\/wp-json\/wp\/v2\/users\/1"}],"replies":[{"embeddable":true,"href":"https:\/\/kinecoursju.fr\/index.php\/wp-json\/wp\/v2\/comments?post=328"}],"version-history":[{"count":0,"href":"https:\/\/kinecoursju.fr\/index.php\/wp-json\/wp\/v2\/pages\/328\/revisions"}],"wp:attachment":[{"href":"https:\/\/kinecoursju.fr\/index.php\/wp-json\/wp\/v2\/media?parent=328"}],"curies":[{"name":"wp","href":"https:\/\/api.w.org\/{rel}","templated":true}]}}